{"id":128645,"date":"2026-02-23T09:21:38","date_gmt":"2026-02-23T17:21:38","guid":{"rendered":"https:\/\/www.tobenerlaw.com\/?page_id=128645"},"modified":"2026-02-23T09:25:04","modified_gmt":"2026-02-23T17:25:04","slug":"politicas-de-privacidad","status":"publish","type":"page","link":"https:\/\/www.tobenerlaw.com\/es\/politicas-de-privacidad\/","title":{"rendered":"Pol\u00edticas de Privacidad"},"content":{"rendered":"\n<section class=\"wp-block-group is-layout-constrained wp-container-core-group-is-layout-f1ba3e7e wp-block-group-is-layout-constrained\"><div class=\"container\">\n<h2 class=\"wp-block-heading\">Qu\u00e9 datos personales recopilamos y por qu\u00e9 los recopilamos<\/h2>\n<\/div>\n\n<div class=\"container\">\n<p>Tomamos medidas comercialmente razonables para ayudar a proteger la informaci\u00f3n que nos proporciona, incluida su direcci\u00f3n de correo electr\u00f3nico. Este sitio web utiliza cookies y tecnolog\u00edas similares para recopilar m\u00e9tricas de uso y datos t\u00e9cnicos que nos ayudan a mejorar la calidad, la seguridad y las comunicaciones del sitio. Tambi\u00e9n recopilamos informaci\u00f3n que usted proporciona voluntariamente a trav\u00e9s de formularios de contacto o de consulta con el fin de responder a solicitudes, operar el sitio web y mantener registros. No utilizamos los formularios enviados para fines publicitarios.<\/p>\n<\/div>\n\n<div class=\"container\">\n<p>Todos los formularios de este sitio pueden estar protegidos por reCAPTCHA y sujetos a la <a href=\"https:\/\/policies.google.com\/privacy\">Pol\u00edtica de Privacidad<\/a> y <a href=\"https:\/\/policies.google.com\/terms\">T\u00e9rminos de Servicio<\/a> de Google.<\/p>\n<\/div>\n\n<div class=\"container\">\n<p>Los formularios y otros servicios de este sitio tambi\u00e9n pueden estar protegidos por Cloudflare y est\u00e1n sujetos a la <a href=\"https:\/\/www.cloudflare.com\/privacypolicy\/\">Pol\u00edtica de privacidad<\/a> de Cloudflare.<\/p>\n<\/div>\n\n<div class=\"container\">\n<p>Si tiene alguna duda sobre la privacidad, no dude en ponerse en <a href=\"\/contact-us\">contacto <\/a>con nosotros.<\/p>\n<\/div>\n\n<div class=\"container\">\n<h2 class=\"wp-block-heading\">Anal\u00edtica<\/h2>\n<\/div>\n\n<div class=\"container\">\n<p>Podemos utilizar software de an\u00e1lisis de sitios web de terceros, como Google Analytics, Google Tag Manager, Hotjar, Microsoft Clarity y Whatconverts, para realizar un seguimiento del rendimiento de nuestro sitio web.<\/p>\n<\/div>\n\n<div class=\"container\">\n<h2 class=\"wp-block-heading\">Cookies<\/h2>\n<\/div>\n\n<div class=\"container\">\n<p>Este sitio web utiliza cookies y tecnolog\u00edas similares para garantizar la calidad, an\u00e1lisis del rendimiento del sitio, seguridad y medici\u00f3n de marketing. Puede administrar o desactivar las cookies a trav\u00e9s de la configuraci\u00f3n de su navegador. Seleccionamos proveedores de servicios prestando atenci\u00f3n a los est\u00e1ndares de privacidad y protecci\u00f3n de datos. Debido a que las herramientas y proveedores de terceros pueden actualizar, cambiar de propiedad o modificar sus pr\u00e1cticas de datos con el tiempo, llevamos a cabo revisiones peri\u00f3dicas de nuestra pila de tecnolog\u00eda y actividades de procesamiento de datos y hacemos esfuerzos razonables para abordar o ajustar las configuraciones cuando se identifican cambios importantes. Si tiene preguntas o inquietudes sobre las cookies o el seguimiento anal\u00edtico, puede comunicarse con nosotros en cualquier momento.<\/p>\n<\/div>\n\n<div class=\"container\">\n<p>Si env\u00eda un formulario de contacto o consulta en este sitio web, nosotros y ciertos proveedores de servicios podemos usar cookies o tecnolog\u00edas similares para procesar su solicitud, prevenir el spam, analizar el rendimiento del sitio y comprender c\u00f3mo los visitantes interact\u00faan con nuestro sitio web. Estas tecnolog\u00edas pueden asignar un identificador temporal o persistente a su navegador o sesi\u00f3n, pero no almacenan el contenido de su mensaje dentro de la propia cookie. La informaci\u00f3n puede ser procesada por servicios de terceros, como an\u00e1lisis, marketing, seguimiento de llamadas o formularios, o herramientas de an\u00e1lisis de sesiones, con fines operativos, de seguridad, de prevenci\u00f3n de fraude y de rendimiento. Las consultas de b\u00fasqueda en el sitio tambi\u00e9n pueden procesarse por motivos de seguridad, prevenci\u00f3n de spam y an\u00e1lisis de rendimiento.<\/p>\n<\/div>\n\n<div class=\"container\">\n<p>La informaci\u00f3n que proporciona a trav\u00e9s de formularios tambi\u00e9n puede almacenarse de forma segura dentro de la base de datos interna de nuestro sitio web para ayudarnos a responder a su solicitud, mantener registros y protegernos contra spam o abuso. Los env\u00edos de formularios y los datos t\u00e9cnicos relacionados pueden procesarse mediante servicios de entrega de correo electr\u00f3nico y filtrado de spam, como Post SMTP y Akismet, y en algunos casos mediante herramientas de idioma o traducci\u00f3n, como WPML, para mostrar el sitio web en diferentes idiomas. El acceso a esta informaci\u00f3n est\u00e1 limitado a administradores autorizados del sitio. Conservamos los env\u00edos de formularios solo durante el tiempo necesario para fines operativos o legales, y usted puede solicitar la eliminaci\u00f3n de su env\u00edo en cualquier momento.<\/p>\n<\/div>\n\n<div class=\"container\">\n<h2 class=\"wp-block-heading\">Gesti\u00f3n de consentimiento y preferencias<\/h2>\n<\/div>\n\n<div class=\"container\">\n<p>Utilizamos herramientas de consentimiento y preferencia para administrar cookies y tecnolog\u00edas similares. Si bien nos esforzamos por garantizar que estas herramientas funcionen seg\u00fan lo previsto, las actualizaciones de software o los cambios de configuraci\u00f3n pueden afectar ocasionalmente la forma en que se aplican las preferencias. Revisamos peri\u00f3dicamente nuestras configuraciones y hacemos esfuerzos razonables para identificar y corregir cualquier problema de manera oportuna. Los usuarios tambi\u00e9n podr\u00e1n gestionar las cookies a trav\u00e9s de la configuraci\u00f3n de su navegador en cualquier momento.<\/p>\n<\/div>\n\n<div class=\"container\">\n<h2 class=\"wp-block-heading\">Mensajes y Comunicaciones<\/h2>\n<\/div>\n\n<div class=\"container\">\n<p>Utilizamos medidas de seguridad administrativas, t\u00e9cnicas y f\u00edsicas comercialmente razonables, incluida la transmisi\u00f3n cifrada cuando sea compatible, para ayudar a proteger la informaci\u00f3n enviada durante la transferencia y el almacenamiento. Sin embargo, la informaci\u00f3n que env\u00ede a trav\u00e9s de formularios o consultas puede ser transmitida y procesada por proveedores de servicios externos autorizados, como plataformas de an\u00e1lisis, formularios o atribuci\u00f3n de llamadas, o sistemas seguros de entrega de correo electr\u00f3nico, con fines operativos, de seguridad, de prevenci\u00f3n de fraude, de control de calidad y de rendimiento. El acceso a la informaci\u00f3n enviada est\u00e1 limitado al personal autorizado y a los proveedores de servicios que ayudan a operar y mejorar el sitio web.<\/p>\n<\/div>\n\n<div class=\"container\">\n<p>Las llamadas telef\u00f3nicas pueden grabarse o monitorearse con fines de control de calidad, capacitaci\u00f3n, seguridad o prevenci\u00f3n de fraude cuando lo permita la ley o con el aviso o consentimiento apropiado.<\/p>\n<\/div>\n\n<div class=\"container\">\n<p>No vendemos informaci\u00f3n personal enviada a trav\u00e9s de formularios y no autorizamos a nuestros proveedores de servicios a vender dicha informaci\u00f3n.<\/p>\n<\/div>\n\n<div class=\"container\">\n<h2 class=\"wp-block-heading\">Medios de comunicaci\u00f3n<\/h2>\n<\/div>\n\n<div class=\"container\">\n<p>Si subes im\u00e1genes o archivos al sitio web, debes evitar subir im\u00e1genes con datos de ubicaci\u00f3n incrustados (GPS EXIF) incluidos. Los visitantes del sitio web pueden descargar y extraer cualquier dato de ubicaci\u00f3n de las im\u00e1genes del sitio web.<\/p>\n<\/div>\n\n<div class=\"container\">\n<h2 class=\"wp-block-heading\">Contenido incrustado de otros sitios web<\/h2>\n<\/div>\n\n<div class=\"container\">\n<p>Los art\u00edculos de este sitio pueden incluir contenido incrustado (por ejemplo, v\u00eddeos, im\u00e1genes, art\u00edculos, etc.). El contenido incrustado de otros sitios web se comporta exactamente de la misma manera que si el visitante hubiera visitado el otro sitio web.<\/p>\n<\/div>\n\n<div class=\"container\">\n<p>Estos sitios web pueden recopilar datos sobre usted, utilizar cookies, incorporar seguimiento adicional de terceros y monitorear su interacci\u00f3n con ese contenido incrustado, incluido el seguimiento de su interacci\u00f3n con el contenido incrustado si tiene una cuenta y ha iniciado sesi\u00f3n en ese sitio web.<\/p>\n<\/div>\n\n<div class=\"container\">\n<h2 class=\"wp-block-heading\">Qu\u00e9 derechos tienes sobre tus datos<\/h2>\n<\/div>\n\n<div class=\"container\">\n<p>Si tiene una cuenta en este sitio o ha dejado comentarios, puede solicitar recibir un archivo exportado de los datos personales que tenemos sobre usted, incluidos los datos que nos haya proporcionado. Tambi\u00e9n puede solicitar que borremos cualquier dato personal que tengamos sobre usted. Esto no incluye ning\u00fan dato que estemos obligados a conservar con fines administrativos, legales o de seguridad.<\/p>\n<\/div>\n\n<div class=\"container\">\n<h2 class=\"wp-block-heading\">Cu\u00e1nto tiempo conservamos tus datos<\/h2>\n<\/div>\n\n<div class=\"container\">\n<p>Los per\u00edodos de retenci\u00f3n var\u00edan seg\u00fan el tipo de datos y las necesidades operativas. Los datos t\u00edpicos de an\u00e1lisis de sitios web generalmente se conservan durante aproximadamente 30 d\u00edas a 2 a\u00f1os despu\u00e9s de su \u00faltima sesi\u00f3n, seg\u00fan las configuraciones de servicios de terceros. Los env\u00edos de formularios y las consultas telef\u00f3nicas se conservan solo durante el tiempo razonablemente necesario para fines operativos, legales o de mantenimiento de registros y pueden eliminarse previa solicitud verificada, a menos que la ley o necesidades comerciales leg\u00edtimas exijan la conservaci\u00f3n.<\/p>\n<\/div><\/section>\n","protected":false},"excerpt":{"rendered":"<p>Qu\u00e9 datos personales recopilamos y por qu\u00e9 los recopilamos Tomamos medidas comercialmente razonables para ayudar a proteger la [&hellip;]<\/p>\n","protected":false},"author":1,"featured_media":0,"parent":0,"menu_order":0,"comment_status":"closed","ping_status":"closed","template":"","meta":{"_acf_changed":false,"footnotes":""},"class_list":["post-128645","page","type-page","status-publish","hentry"],"acf":[],"_links":{"self":[{"href":"https:\/\/www.tobenerlaw.com\/es\/wp-json\/wp\/v2\/pages\/128645","targetHints":{"allow":["GET"]}}],"collection":[{"href":"https:\/\/www.tobenerlaw.com\/es\/wp-json\/wp\/v2\/pages"}],"about":[{"href":"https:\/\/www.tobenerlaw.com\/es\/wp-json\/wp\/v2\/types\/page"}],"author":[{"embeddable":true,"href":"https:\/\/www.tobenerlaw.com\/es\/wp-json\/wp\/v2\/users\/1"}],"replies":[{"embeddable":true,"href":"https:\/\/www.tobenerlaw.com\/es\/wp-json\/wp\/v2\/comments?post=128645"}],"version-history":[{"count":2,"href":"https:\/\/www.tobenerlaw.com\/es\/wp-json\/wp\/v2\/pages\/128645\/revisions"}],"predecessor-version":[{"id":128650,"href":"https:\/\/www.tobenerlaw.com\/es\/wp-json\/wp\/v2\/pages\/128645\/revisions\/128650"}],"wp:attachment":[{"href":"https:\/\/www.tobenerlaw.com\/es\/wp-json\/wp\/v2\/media?parent=128645"}],"curies":[{"name":"wp","href":"https:\/\/api.w.org\/{rel}","templated":true}]}}